{"id":1920,"date":"2022-01-19T09:54:17","date_gmt":"2022-01-19T09:54:17","guid":{"rendered":"https:\/\/alberti-bb.genips.nl\/home\/"},"modified":"2022-03-30T11:53:54","modified_gmt":"2022-03-30T11:53:54","slug":"home","status":"publish","type":"page","link":"https:\/\/alberti-bb.nl\/de\/","title":{"rendered":"Home"},"content":{"rendered":"<h1>&#8218;a home away from home,<br \/> with a bike of your own&#8216;<\/h1>\n<p>\t\t\t<iframe frameborder=\"0\" scrolling=\"no\" marginheight=\"0\" marginwidth=\"0\"\n\t\t\t\t\tsrc=\"https:\/\/maps.google.com\/maps?q=Hugo%20Molenaarstraat%2049A%203022%20NP%20Rotterdam&#038;t=m&#038;z=12&#038;output=embed&#038;iwloc=near\"\n\t\t\t\t\ttitle=\"Hugo Molenaarstraat 49A 3022 NP Rotterdam\"\n\t\t\t\t\taria-label=\"Hugo Molenaarstraat 49A 3022 NP Rotterdam\"\n\t\t\t><\/iframe><\/p>\n<h2>Willkommen bei <br \/>Alberti Bett &#038; Bike<\/h2>\n<p>\t\tEin sch\u00f6nes Zimmer, eine ruhige Umgebung<br \/>\nEin Privat Bad<br \/>\nUnd ein Fahrrad<br \/>\nDieses stilvolle B&amp;B mit geschmackvoll eingerichteten Zimmern ist das einzige in Rotterdam, das Ihnen neben einem angenehmen und pers\u00f6nlichen Aufenthalt auch Fahrr\u00e4der zur Verf\u00fcgung stellt.\u00a0<br \/>\nIm Alberti wird kein Fr\u00fchst\u00fcck serviert, aber die Wahl f\u00fcr Fr\u00fchst\u00fcck in der N\u00e4he ist ausf\u00fchrlich! (auch ist alles da um eins selbst zu bereiten)\u00a0<br \/>\nSie wohnen in einem ruhigen, gr\u00fcnen Viertel mit friedvoller Umgebung und erreichen die bedeutendsten Attraktionen der Stadt nach einer 10-min\u00fctigen Fahrradtour. Die Museen, feinen Restaurants, die Markthalle, die Witte de With Stra\u00dfe, das Hotel New York, die SS Rotterdam, den Euromast, sch\u00f6ne Gesch\u00e4fte und die architektonischen Highlights, die Rotterdam zu bieten hat\u00a0<br \/>\nDa Rotterdam eine riesige Stadt ohne traditionelles Zentrum ist, ist es ideal, Dies mit dem Fahrrad zu erkunden. So entdecken Sie die Stadt auf vergn\u00fcgliche und aktive Weise &#8211; typisch niederl\u00e4ndisch.\u00a0<br \/>\nUnd\u2026 wir sprechen Ihre Sprache!<br \/>\n\t\t\t\t\t\t\t\t\t\t\t\t\t\t\t<img loading=\"lazy\" decoding=\"async\" width=\"683\" height=\"1024\" src=\"https:\/\/alberti-bb.nl\/wp-content\/uploads\/2022\/01\/BB-Alberti-01-683x1024.jpg\" alt=\"\" loading=\"lazy\" srcset=\"https:\/\/alberti-bb.nl\/wp-content\/uploads\/2022\/01\/BB-Alberti-01-683x1024.jpg 683w, https:\/\/alberti-bb.nl\/wp-content\/uploads\/2022\/01\/BB-Alberti-01-200x300.jpg 200w, https:\/\/alberti-bb.nl\/wp-content\/uploads\/2022\/01\/BB-Alberti-01-768x1152.jpg 768w, https:\/\/alberti-bb.nl\/wp-content\/uploads\/2022\/01\/BB-Alberti-01-1024x1536.jpg 1024w, https:\/\/alberti-bb.nl\/wp-content\/uploads\/2022\/01\/BB-Alberti-01-1365x2048.jpg 1365w, https:\/\/alberti-bb.nl\/wp-content\/uploads\/2022\/01\/BB-Alberti-01-scaled.jpg 1707w\" sizes=\"auto, (max-width: 683px) 100vw, 683px\" \/>\t\t\t\t\t\t\t\t\t\t\t\t\t\t\t<\/p>\n<h2>Unsere Zimmer<\/h2>\n<style>.elementor-133 .elementor-element.elementor-element-23b81e6 .elementor-repeater-item-823b892.jet-parallax-section__layout .jet-parallax-section__image{background-size:auto;}.elementor-133 .elementor-element.elementor-element-2f805a7 > .elementor-widget-wrap > .elementor-widget:not(.elementor-widget__width-auto):not(.elementor-widget__width-initial):not(:last-child):not(.elementor-absolute){margin-bottom:0px;}.elementor-133 .elementor-element.elementor-element-2f805a7 > .elementor-element-populated{margin:0px 0px 0px 0px;--e-column-margin-right:0px;--e-column-margin-left:0px;padding:0px 0px 0px 0px;}.elementor-133 .elementor-element.elementor-element-396d3e8 .jet-listing-dynamic-image{justify-content:flex-start;}.elementor-133 .elementor-element.elementor-element-140e716 .jet-listing-dynamic-link__link{align-self:center;font-family:\"Amiri\", Sans-serif;font-size:30px;font-weight:normal;text-transform:capitalize;line-height:25px;color:#082D41;padding:32px 0px 0px 0px;border-style:solid;border-width:0px 0px 1px 0px;border-color:rgba(161, 113, 113, 0);flex-direction:column;}.elementor-133 .elementor-element.elementor-element-140e716 .jet-listing-dynamic-link__link:hover{color:#082D41;border-color:#082D41;}.elementor-133 .elementor-element.elementor-element-140e716 .jet-listing-dynamic-link__icon{order:3;font-size:38px;margin-top:5px;}.jet-listing-item.single-jet-engine.elementor-page-133 > .elementor{width:510px;margin-left:auto;margin-right:auto;}@media(max-width:767px){.elementor-133 .elementor-element.elementor-element-2f805a7 > .elementor-element-populated{padding:0px 0px 0px 0px;}.elementor-133 .elementor-element.elementor-element-140e716 .jet-listing-dynamic-link__link{font-size:25px;line-height:35px;}}<\/style>\n<section data-id=\"23b81e6\" data-element_type=\"section\" data-settings=\"{&quot;jet_parallax_layout_list&quot;:[{&quot;jet_parallax_layout_image&quot;:{&quot;url&quot;:&quot;&quot;,&quot;id&quot;:&quot;&quot;},&quot;_id&quot;:&quot;823b892&quot;,&quot;jet_parallax_layout_image_tablet&quot;:{&quot;url&quot;:&quot;&quot;,&quot;id&quot;:&quot;&quot;},&quot;jet_parallax_layout_image_mobile&quot;:{&quot;url&quot;:&quot;&quot;,&quot;id&quot;:&quot;&quot;},&quot;jet_parallax_layout_speed&quot;:{&quot;unit&quot;:&quot;%&quot;,&quot;size&quot;:50,&quot;sizes&quot;:[]},&quot;jet_parallax_layout_type&quot;:&quot;scroll&quot;,&quot;jet_parallax_layout_direction&quot;:null,&quot;jet_parallax_layout_fx_direction&quot;:null,&quot;jet_parallax_layout_z_index&quot;:&quot;&quot;,&quot;jet_parallax_layout_bg_x&quot;:50,&quot;jet_parallax_layout_bg_x_tablet&quot;:&quot;&quot;,&quot;jet_parallax_layout_bg_x_mobile&quot;:&quot;&quot;,&quot;jet_parallax_layout_bg_y&quot;:50,&quot;jet_parallax_layout_bg_y_tablet&quot;:&quot;&quot;,&quot;jet_parallax_layout_bg_y_mobile&quot;:&quot;&quot;,&quot;jet_parallax_layout_bg_size&quot;:&quot;auto&quot;,&quot;jet_parallax_layout_bg_size_tablet&quot;:&quot;&quot;,&quot;jet_parallax_layout_bg_size_mobile&quot;:&quot;&quot;,&quot;jet_parallax_layout_animation_prop&quot;:&quot;transform&quot;,&quot;jet_parallax_layout_on&quot;:[&quot;desktop&quot;,&quot;tablet&quot;]}]}\">\n\t\t\t<a href=\"https:\/\/alberti-bb.nl\/de\/zimmer\/the-mendel\/\"><img loading=\"lazy\" decoding=\"async\" width=\"2362\" height=\"1575\" src=\"https:\/\/alberti-bb.nl\/wp-content\/uploads\/2020\/03\/hoofdfoto-Mendel.jpg\" alt=\"The Mendel\" loading=\"lazy\" srcset=\"https:\/\/alberti-bb.nl\/wp-content\/uploads\/2020\/03\/hoofdfoto-Mendel.jpg 2362w, https:\/\/alberti-bb.nl\/wp-content\/uploads\/2020\/03\/hoofdfoto-Mendel-300x200.jpg 300w, https:\/\/alberti-bb.nl\/wp-content\/uploads\/2020\/03\/hoofdfoto-Mendel-1024x683.jpg 1024w, https:\/\/alberti-bb.nl\/wp-content\/uploads\/2020\/03\/hoofdfoto-Mendel-768x512.jpg 768w, https:\/\/alberti-bb.nl\/wp-content\/uploads\/2020\/03\/hoofdfoto-Mendel-1536x1024.jpg 1536w, https:\/\/alberti-bb.nl\/wp-content\/uploads\/2020\/03\/hoofdfoto-Mendel-2048x1366.jpg 2048w\" sizes=\"auto, (max-width: 2362px) 100vw, 2362px\" \/><\/a><br \/>\n\t\t\t<a href=\"https:\/\/alberti-bb.nl\/de\/zimmer\/the-mendel\/\">The Mendel<\/a><br \/>\n\t\t<\/section>\n<p>\t\t<a href=\"https:\/\/alberti-bb.nl\/de\/zimmer\/the-mendel\/\"><\/a><\/p>\n<style>.elementor-133 .elementor-element.elementor-element-23b81e6 .elementor-repeater-item-823b892.jet-parallax-section__layout .jet-parallax-section__image{background-size:auto;}.elementor-133 .elementor-element.elementor-element-2f805a7 > .elementor-widget-wrap > .elementor-widget:not(.elementor-widget__width-auto):not(.elementor-widget__width-initial):not(:last-child):not(.elementor-absolute){margin-bottom:0px;}.elementor-133 .elementor-element.elementor-element-2f805a7 > .elementor-element-populated{margin:0px 0px 0px 0px;--e-column-margin-right:0px;--e-column-margin-left:0px;padding:0px 0px 0px 0px;}.elementor-133 .elementor-element.elementor-element-396d3e8 .jet-listing-dynamic-image{justify-content:flex-start;}.elementor-133 .elementor-element.elementor-element-140e716 .jet-listing-dynamic-link__link{align-self:center;font-family:\"Amiri\", Sans-serif;font-size:30px;font-weight:normal;text-transform:capitalize;line-height:25px;color:#082D41;padding:32px 0px 0px 0px;border-style:solid;border-width:0px 0px 1px 0px;border-color:rgba(161, 113, 113, 0);flex-direction:column;}.elementor-133 .elementor-element.elementor-element-140e716 .jet-listing-dynamic-link__link:hover{color:#082D41;border-color:#082D41;}.elementor-133 .elementor-element.elementor-element-140e716 .jet-listing-dynamic-link__icon{order:3;font-size:38px;margin-top:5px;}.jet-listing-item.single-jet-engine.elementor-page-133 > .elementor{width:510px;margin-left:auto;margin-right:auto;}@media(max-width:767px){.elementor-133 .elementor-element.elementor-element-2f805a7 > .elementor-element-populated{padding:0px 0px 0px 0px;}.elementor-133 .elementor-element.elementor-element-140e716 .jet-listing-dynamic-link__link{font-size:25px;line-height:35px;}}<\/style>\n<section data-id=\"23b81e6\" data-element_type=\"section\" data-settings=\"{&quot;jet_parallax_layout_list&quot;:[{&quot;jet_parallax_layout_image&quot;:{&quot;url&quot;:&quot;&quot;,&quot;id&quot;:&quot;&quot;},&quot;_id&quot;:&quot;823b892&quot;,&quot;jet_parallax_layout_image_tablet&quot;:{&quot;url&quot;:&quot;&quot;,&quot;id&quot;:&quot;&quot;},&quot;jet_parallax_layout_image_mobile&quot;:{&quot;url&quot;:&quot;&quot;,&quot;id&quot;:&quot;&quot;},&quot;jet_parallax_layout_speed&quot;:{&quot;unit&quot;:&quot;%&quot;,&quot;size&quot;:50,&quot;sizes&quot;:[]},&quot;jet_parallax_layout_type&quot;:&quot;scroll&quot;,&quot;jet_parallax_layout_direction&quot;:null,&quot;jet_parallax_layout_fx_direction&quot;:null,&quot;jet_parallax_layout_z_index&quot;:&quot;&quot;,&quot;jet_parallax_layout_bg_x&quot;:50,&quot;jet_parallax_layout_bg_x_tablet&quot;:&quot;&quot;,&quot;jet_parallax_layout_bg_x_mobile&quot;:&quot;&quot;,&quot;jet_parallax_layout_bg_y&quot;:50,&quot;jet_parallax_layout_bg_y_tablet&quot;:&quot;&quot;,&quot;jet_parallax_layout_bg_y_mobile&quot;:&quot;&quot;,&quot;jet_parallax_layout_bg_size&quot;:&quot;auto&quot;,&quot;jet_parallax_layout_bg_size_tablet&quot;:&quot;&quot;,&quot;jet_parallax_layout_bg_size_mobile&quot;:&quot;&quot;,&quot;jet_parallax_layout_animation_prop&quot;:&quot;transform&quot;,&quot;jet_parallax_layout_on&quot;:[&quot;desktop&quot;,&quot;tablet&quot;]}]}\">\n\t\t\t<a href=\"https:\/\/alberti-bb.nl\/de\/zimmer\/the-suite\/\"><img loading=\"lazy\" decoding=\"async\" width=\"2362\" height=\"1575\" src=\"https:\/\/alberti-bb.nl\/wp-content\/uploads\/2020\/03\/hoofdfoto-suite.jpg\" alt=\"The Suite\" loading=\"lazy\" srcset=\"https:\/\/alberti-bb.nl\/wp-content\/uploads\/2020\/03\/hoofdfoto-suite.jpg 2362w, https:\/\/alberti-bb.nl\/wp-content\/uploads\/2020\/03\/hoofdfoto-suite-300x200.jpg 300w, https:\/\/alberti-bb.nl\/wp-content\/uploads\/2020\/03\/hoofdfoto-suite-1024x683.jpg 1024w, https:\/\/alberti-bb.nl\/wp-content\/uploads\/2020\/03\/hoofdfoto-suite-768x512.jpg 768w, https:\/\/alberti-bb.nl\/wp-content\/uploads\/2020\/03\/hoofdfoto-suite-1536x1024.jpg 1536w, https:\/\/alberti-bb.nl\/wp-content\/uploads\/2020\/03\/hoofdfoto-suite-2048x1366.jpg 2048w\" sizes=\"auto, (max-width: 2362px) 100vw, 2362px\" \/><\/a><br \/>\n\t\t\t<a href=\"https:\/\/alberti-bb.nl\/de\/zimmer\/the-suite\/\">The Suite<\/a><br \/>\n\t\t<\/section>\n<p>\t\t<a href=\"https:\/\/alberti-bb.nl\/de\/zimmer\/the-suite\/\"><\/a><\/p>\n<style>.elementor-133 .elementor-element.elementor-element-23b81e6 .elementor-repeater-item-823b892.jet-parallax-section__layout .jet-parallax-section__image{background-size:auto;}.elementor-133 .elementor-element.elementor-element-2f805a7 > .elementor-widget-wrap > .elementor-widget:not(.elementor-widget__width-auto):not(.elementor-widget__width-initial):not(:last-child):not(.elementor-absolute){margin-bottom:0px;}.elementor-133 .elementor-element.elementor-element-2f805a7 > .elementor-element-populated{margin:0px 0px 0px 0px;--e-column-margin-right:0px;--e-column-margin-left:0px;padding:0px 0px 0px 0px;}.elementor-133 .elementor-element.elementor-element-396d3e8 .jet-listing-dynamic-image{justify-content:flex-start;}.elementor-133 .elementor-element.elementor-element-140e716 .jet-listing-dynamic-link__link{align-self:center;font-family:\"Amiri\", Sans-serif;font-size:30px;font-weight:normal;text-transform:capitalize;line-height:25px;color:#082D41;padding:32px 0px 0px 0px;border-style:solid;border-width:0px 0px 1px 0px;border-color:rgba(161, 113, 113, 0);flex-direction:column;}.elementor-133 .elementor-element.elementor-element-140e716 .jet-listing-dynamic-link__link:hover{color:#082D41;border-color:#082D41;}.elementor-133 .elementor-element.elementor-element-140e716 .jet-listing-dynamic-link__icon{order:3;font-size:38px;margin-top:5px;}.jet-listing-item.single-jet-engine.elementor-page-133 > .elementor{width:510px;margin-left:auto;margin-right:auto;}@media(max-width:767px){.elementor-133 .elementor-element.elementor-element-2f805a7 > .elementor-element-populated{padding:0px 0px 0px 0px;}.elementor-133 .elementor-element.elementor-element-140e716 .jet-listing-dynamic-link__link{font-size:25px;line-height:35px;}}<\/style>\n<section data-id=\"23b81e6\" data-element_type=\"section\" data-settings=\"{&quot;jet_parallax_layout_list&quot;:[{&quot;jet_parallax_layout_image&quot;:{&quot;url&quot;:&quot;&quot;,&quot;id&quot;:&quot;&quot;},&quot;_id&quot;:&quot;823b892&quot;,&quot;jet_parallax_layout_image_tablet&quot;:{&quot;url&quot;:&quot;&quot;,&quot;id&quot;:&quot;&quot;},&quot;jet_parallax_layout_image_mobile&quot;:{&quot;url&quot;:&quot;&quot;,&quot;id&quot;:&quot;&quot;},&quot;jet_parallax_layout_speed&quot;:{&quot;unit&quot;:&quot;%&quot;,&quot;size&quot;:50,&quot;sizes&quot;:[]},&quot;jet_parallax_layout_type&quot;:&quot;scroll&quot;,&quot;jet_parallax_layout_direction&quot;:null,&quot;jet_parallax_layout_fx_direction&quot;:null,&quot;jet_parallax_layout_z_index&quot;:&quot;&quot;,&quot;jet_parallax_layout_bg_x&quot;:50,&quot;jet_parallax_layout_bg_x_tablet&quot;:&quot;&quot;,&quot;jet_parallax_layout_bg_x_mobile&quot;:&quot;&quot;,&quot;jet_parallax_layout_bg_y&quot;:50,&quot;jet_parallax_layout_bg_y_tablet&quot;:&quot;&quot;,&quot;jet_parallax_layout_bg_y_mobile&quot;:&quot;&quot;,&quot;jet_parallax_layout_bg_size&quot;:&quot;auto&quot;,&quot;jet_parallax_layout_bg_size_tablet&quot;:&quot;&quot;,&quot;jet_parallax_layout_bg_size_mobile&quot;:&quot;&quot;,&quot;jet_parallax_layout_animation_prop&quot;:&quot;transform&quot;,&quot;jet_parallax_layout_on&quot;:[&quot;desktop&quot;,&quot;tablet&quot;]}]}\">\n\t\t\t<a href=\"https:\/\/alberti-bb.nl\/de\/zimmer\/both-rooms\/\"><img loading=\"lazy\" decoding=\"async\" width=\"2362\" height=\"1575\" src=\"https:\/\/alberti-bb.nl\/wp-content\/uploads\/2019\/02\/3-beide-kamers-1.png\" alt=\"Beide Kamers\" loading=\"lazy\" srcset=\"https:\/\/alberti-bb.nl\/wp-content\/uploads\/2019\/02\/3-beide-kamers-1.png 2362w, https:\/\/alberti-bb.nl\/wp-content\/uploads\/2019\/02\/3-beide-kamers-1-300x200.png 300w, https:\/\/alberti-bb.nl\/wp-content\/uploads\/2019\/02\/3-beide-kamers-1-1024x683.png 1024w, https:\/\/alberti-bb.nl\/wp-content\/uploads\/2019\/02\/3-beide-kamers-1-768x512.png 768w, https:\/\/alberti-bb.nl\/wp-content\/uploads\/2019\/02\/3-beide-kamers-1-1536x1024.png 1536w, https:\/\/alberti-bb.nl\/wp-content\/uploads\/2019\/02\/3-beide-kamers-1-2048x1366.png 2048w\" sizes=\"auto, (max-width: 2362px) 100vw, 2362px\" \/><\/a><br \/>\n\t\t\t<a href=\"https:\/\/alberti-bb.nl\/de\/zimmer\/both-rooms\/\">Beide Kamers<\/a><br \/>\n\t\t<\/section>\n<p>\t\t<a href=\"https:\/\/alberti-bb.nl\/de\/zimmer\/both-rooms\/\"><\/a><br \/>\n\t\t\t\t\t\t\t\t\t\t\t\t\t\t\t\t<a href=\"https:\/\/alberti-bb.nl\/de\/zimmer\/both-rooms\/\"><br \/>\n\t\t\t\t\t\t\t<img loading=\"lazy\" decoding=\"async\" width=\"800\" height=\"534\" src=\"https:\/\/alberti-bb.nl\/wp-content\/uploads\/2019\/02\/3-beide-kamers-1-1024x683.png\" alt=\"\" loading=\"lazy\" srcset=\"https:\/\/alberti-bb.nl\/wp-content\/uploads\/2019\/02\/3-beide-kamers-1-1024x683.png 1024w, https:\/\/alberti-bb.nl\/wp-content\/uploads\/2019\/02\/3-beide-kamers-1-300x200.png 300w, https:\/\/alberti-bb.nl\/wp-content\/uploads\/2019\/02\/3-beide-kamers-1-768x512.png 768w, https:\/\/alberti-bb.nl\/wp-content\/uploads\/2019\/02\/3-beide-kamers-1-1536x1024.png 1536w, https:\/\/alberti-bb.nl\/wp-content\/uploads\/2019\/02\/3-beide-kamers-1-2048x1366.png 2048w\" sizes=\"auto, (max-width: 800px) 100vw, 800px\" \/>\t\t\t\t\t\t\t\t<\/a><\/p>\n<h2><a href=\"https:\/\/alberti-bb.nl\/de\/zimmer\/both-rooms\/\">Beide Zimmer<\/a><\/h2>\n<p>\t<a href=\"https:\/\/alberti-bb.nl\/kamers\/\"><br \/>\n\t\t\tEntdecken Sie unsere Zimmer<br \/>\n\t\t\tEntdecken Sie unsere Zimmer<br \/>\n\t<\/a><br \/>\n\t\t\t\t\t\t\t\t\t\t\t\t\t\t\t<img loading=\"lazy\" decoding=\"async\" width=\"1707\" height=\"2560\" src=\"https:\/\/alberti-bb.nl\/wp-content\/uploads\/2022\/01\/BB-Alberti-01-scaled.jpg\" alt=\"\" loading=\"lazy\" srcset=\"https:\/\/alberti-bb.nl\/wp-content\/uploads\/2022\/01\/BB-Alberti-01-scaled.jpg 1707w, https:\/\/alberti-bb.nl\/wp-content\/uploads\/2022\/01\/BB-Alberti-01-200x300.jpg 200w, https:\/\/alberti-bb.nl\/wp-content\/uploads\/2022\/01\/BB-Alberti-01-683x1024.jpg 683w, https:\/\/alberti-bb.nl\/wp-content\/uploads\/2022\/01\/BB-Alberti-01-768x1152.jpg 768w, https:\/\/alberti-bb.nl\/wp-content\/uploads\/2022\/01\/BB-Alberti-01-1024x1536.jpg 1024w, https:\/\/alberti-bb.nl\/wp-content\/uploads\/2022\/01\/BB-Alberti-01-1365x2048.jpg 1365w\" sizes=\"auto, (max-width: 1707px) 100vw, 1707px\" \/>\t\t\t\t\t\t\t\t\t\t\t\t\t\t\t<\/p>\n<h2>2 Fahrr\u00e4der pro Zimmer um sonst f\u00fcr Sie<\/h2>\n<p>\t\t\t\t\t\t\t\t\t\t\t\t\t\t\t<img loading=\"lazy\" decoding=\"async\" width=\"1707\" height=\"2560\" src=\"https:\/\/alberti-bb.nl\/wp-content\/uploads\/2022\/01\/BB-Alberti-15-scaled.jpg\" alt=\"\" loading=\"lazy\" srcset=\"https:\/\/alberti-bb.nl\/wp-content\/uploads\/2022\/01\/BB-Alberti-15-scaled.jpg 1707w, https:\/\/alberti-bb.nl\/wp-content\/uploads\/2022\/01\/BB-Alberti-15-200x300.jpg 200w, https:\/\/alberti-bb.nl\/wp-content\/uploads\/2022\/01\/BB-Alberti-15-683x1024.jpg 683w, https:\/\/alberti-bb.nl\/wp-content\/uploads\/2022\/01\/BB-Alberti-15-768x1152.jpg 768w, https:\/\/alberti-bb.nl\/wp-content\/uploads\/2022\/01\/BB-Alberti-15-1024x1536.jpg 1024w, https:\/\/alberti-bb.nl\/wp-content\/uploads\/2022\/01\/BB-Alberti-15-1365x2048.jpg 1365w\" sizes=\"auto, (max-width: 1707px) 100vw, 1707px\" \/>\t\t\t\t\t\t\t\t\t\t\t\t\t\t\t<\/p>\n<h2>Sowie kostenfreiem WLAN.<\/h2>\n","protected":false},"excerpt":{"rendered":"<p>&#8218;a home away from home, with a bike of your own&#8216; Willkommen bei Alberti Bett &#038; Bike Ein sch\u00f6nes Zimmer, eine ruhige Umgebung Ein Privat Bad Und ein Fahrrad Dieses stilvolle B&amp;B mit geschmackvoll eingerichteten Zimmern ist das einzige in Rotterdam, das Ihnen neben einem angenehmen und pers\u00f6nlichen Aufenthalt auch Fahrr\u00e4der zur Verf\u00fcgung stellt.\u00a0 Im [&hellip;]<\/p>\n","protected":false},"author":3,"featured_media":3320,"parent":0,"menu_order":0,"comment_status":"closed","ping_status":"closed","template":"elementor_header_footer","meta":{"footnotes":""},"class_list":["post-1920","page","type-page","status-publish","has-post-thumbnail","hentry"],"_links":{"self":[{"href":"https:\/\/alberti-bb.nl\/de\/wp-json\/wp\/v2\/pages\/1920","targetHints":{"allow":["GET"]}}],"collection":[{"href":"https:\/\/alberti-bb.nl\/de\/wp-json\/wp\/v2\/pages"}],"about":[{"href":"https:\/\/alberti-bb.nl\/de\/wp-json\/wp\/v2\/types\/page"}],"author":[{"embeddable":true,"href":"https:\/\/alberti-bb.nl\/de\/wp-json\/wp\/v2\/users\/3"}],"replies":[{"embeddable":true,"href":"https:\/\/alberti-bb.nl\/de\/wp-json\/wp\/v2\/comments?post=1920"}],"version-history":[{"count":3,"href":"https:\/\/alberti-bb.nl\/de\/wp-json\/wp\/v2\/pages\/1920\/revisions"}],"predecessor-version":[{"id":2827,"href":"https:\/\/alberti-bb.nl\/de\/wp-json\/wp\/v2\/pages\/1920\/revisions\/2827"}],"wp:featuredmedia":[{"embeddable":true,"href":"https:\/\/alberti-bb.nl\/de\/wp-json\/wp\/v2\/media\/3320"}],"wp:attachment":[{"href":"https:\/\/alberti-bb.nl\/de\/wp-json\/wp\/v2\/media?parent=1920"}],"curies":[{"name":"wp","href":"https:\/\/api.w.org\/{rel}","templated":true}]}}